{"id":1651,"date":"2022-10-06T11:37:06","date_gmt":"2022-10-06T07:37:06","guid":{"rendered":"https:\/\/exim.az\/?page_id=1651"},"modified":"2022-10-06T14:53:48","modified_gmt":"2022-10-06T10:53:48","slug":"sorgu-gond%c9%99r","status":"publish","type":"page","link":"https:\/\/exim.az\/ru\/sorgu-gond%c9%99r\/","title":{"rendered":"\u041e\u0442\u043f\u0440\u0430\u0432\u0438\u0442\u044c \u0437\u0430\u043f\u0440\u043e\u0441"},"content":{"rendered":"<div data-elementor-type=\"wp-post\" data-elementor-id=\"1651\" class=\"elementor elementor-1651\">\n\t\t\t\t\t\t<section class=\"elementor-section elementor-top-section elementor-element elementor-element-243f4bc elementor-section-boxed elementor-section-height-default elementor-section-height-default\" data-id=\"243f4bc\" data-element_type=\"section\">\n\t\t\t\t\t\t<div class=\"elementor-container elementor-column-gap-default\">\n\t\t\t\t\t<div class=\"elementor-column elementor-col-50 elementor-top-column elementor-element elementor-element-df30f6f\" data-id=\"df30f6f\" data-element_type=\"column\">\n\t\t\t<div class=\"elementor-widget-wrap elementor-element-populated\">\n\t\t\t\t\t\t<div class=\"elementor-element elementor-element-ab8b423 elementor-widget elementor-widget-pr-site-logo\" data-id=\"ab8b423\" data-element_type=\"widget\" data-widget_type=\"pr-site-logo.default\">\n\t\t\t\t<div class=\"elementor-widget-container\">\n\t\t\t\t\t\n\t\t<div id=\"pr-site-branding\" class=\"pr-site-branding\">\n\t\t\t<div class=\"header-title\">\n\t\t\t<a href=\"https:\/\/exim.az\/ru\/\" class=\"custom-logo-link\" rel=\"home\"><img decoding=\"async\" width=\"225\" height=\"86\" src=\"https:\/\/exim.az\/wp-content\/uploads\/2022\/10\/dark-logo.png\" class=\"custom-logo\" alt=\"Exim, Export &amp; Import Company, \u8fdb\u51fa\u53e3\u516c\u53f8 \" \/><\/a>\t\t\t\n\t\t\t<\/div>\n\t\t<\/div>\n\t\t\t\t<\/div>\n\t\t\t\t<\/div>\n\t\t\t\t\t<\/div>\n\t\t<\/div>\n\t\t\t\t<div class=\"elementor-column elementor-col-50 elementor-top-column elementor-element elementor-element-4a347df\" data-id=\"4a347df\" data-element_type=\"column\">\n\t\t\t<div class=\"elementor-widget-wrap elementor-element-populated\">\n\t\t\t\t\t\t<div class=\"elementor-element elementor-element-a2815ac elementor-widget elementor-widget-premium-addon-image-button\" data-id=\"a2815ac\" data-element_type=\"widget\" data-widget_type=\"premium-addon-image-button.default\">\n\t\t\t\t<div class=\"elementor-widget-container\">\n\t\t\t\r\n\t\t<a class=\"premium-image-button premium-image-button-none premium-btn-lg premium-image-button-none\" href=\"https:\/\/exim.az\/ru\/\">\r\n\t\t\t<div class=\"premium-image-button-text-icon-wrapper\">\r\n\t\t\t\r\n\t\t\t<span >\r\n\t\t\t\tGeri qay\u0131t\t\t\t<\/span>\r\n\t\t\t\t\t<\/div>\r\n\t\t\t\t\t\t<\/a>\r\n\r\n\t\t\t\t<\/div>\n\t\t\t\t<\/div>\n\t\t\t\t\t<\/div>\n\t\t<\/div>\n\t\t\t\t\t<\/div>\n\t\t<\/section>\n\t\t\t\t<section class=\"elementor-section elementor-top-section elementor-element elementor-element-52f5b20 elementor-section-boxed elementor-section-height-default elementor-section-height-default\" data-id=\"52f5b20\" data-element_type=\"section\">\n\t\t\t\t\t\t<div class=\"elementor-container elementor-column-gap-default\">\n\t\t\t\t\t<div class=\"elementor-column elementor-col-50 elementor-top-column elementor-element elementor-element-e7899d1\" data-id=\"e7899d1\" data-element_type=\"column\">\n\t\t\t<div class=\"elementor-widget-wrap elementor-element-populated\">\n\t\t\t\t\t\t<div class=\"elementor-element elementor-element-080bf72 elementor-button-align-end elementor-widget elementor-widget-form\" data-id=\"080bf72\" data-element_type=\"widget\" data-settings=\"{&quot;step_next_label&quot;:&quot;N\\u00f6vb\\u0259ti&quot;,&quot;step_previous_label&quot;:&quot;\\u00d6nc\\u0259ki&quot;,&quot;step_type&quot;:&quot;number&quot;,&quot;button_width&quot;:&quot;100&quot;,&quot;step_icon_shape&quot;:&quot;circle&quot;}\" data-widget_type=\"form.default\">\n\t\t\t\t<div class=\"elementor-widget-container\">\n\t\t\t\t\t<form class=\"elementor-form\" method=\"post\" name=\"New Form\" action=\"\">\n\t\t\t<input type=\"hidden\" name=\"post_id\" value=\"1651\"\/>\n\t\t\t<input type=\"hidden\" name=\"form_id\" value=\"080bf72\"\/>\n\t\t\t<input type=\"hidden\" name=\"referer_title\" value=\"\" \/>\n\n\t\t\t\n\t\t\t<div class=\"elementor-form-fields-wrapper elementor-labels-above\">\n\t\t\t\t\t\t\t\t<div class=\"elementor-field-type-step elementor-field-group elementor-column elementor-field-group-field_2bb1729 elementor-col-100\">\n\t\t\t\t\t\t\t<div class=\"e-field-step elementor-hidden\" data-label=\"Sifari\u015f\u00e7i\" data-previousbutton=\"\" data-nextbutton=\"\" data-iconurl=\"\" data-iconlibrary=\"fas fa-star\" data-icon=\"\" ><\/div>\n\n\t\t\t\t\t\t<\/div>\n\t\t\t\t\t\t\t\t<div class=\"elementor-field-type-text elementor-field-group elementor-column elementor-field-group-name elementor-col-100\">\n\t\t\t\t\t\t\t\t\t\t\t\t<label for=\"form-field-name\" class=\"elementor-field-label\">\n\t\t\t\t\t\t\t\t\u0412\u0430\u0448\u0435 \u0438\u043c\u044f\t\t\t\t\t\t\t<\/label>\n\t\t\t\t\t\t\t\t\t\t\t\t\t\t<input size=\"1\" type=\"text\" name=\"form_fields[name]\" id=\"form-field-name\" class=\"elementor-field elementor-size-sm  elementor-field-textual\">\n\t\t\t\t\t\t\t\t\t\t\t<\/div>\n\t\t\t\t\t\t\t\t<div class=\"elementor-field-type-text elementor-field-group elementor-column elementor-field-group-email elementor-col-100\">\n\t\t\t\t\t\t\t\t\t\t\t\t<label for=\"form-field-email\" class=\"elementor-field-label\">\n\t\t\t\t\t\t\t\t\u041a\u043e\u043c\u043f\u0430\u043d\u0438\u044f, \u043a\u043e\u0442\u043e\u0440\u0443\u044e \u0432\u044b \u043f\u0440\u0435\u0434\u0441\u0442\u0430\u0432\u043b\u044f\u0435\u0442\u0435 (\u043e\u0441\u0442\u0430\u0432\u044c\u0442\u0435 \u043f\u0443\u0441\u0442\u044b\u043c, \u0435\u0441\u043b\u0438 \u0437\u0430\u043a\u0430\u0437 \u0441\u0434\u0435\u043b\u0430\u043d \u043f\u043e \u0438\u043d\u0434\u0438\u0432\u0438\u0434\u0443\u0430\u043b\u044c\u043d\u043e\u043c\u0443 \u0437\u0430\u043a\u0430\u0437\u0443)\t\t\t\t\t\t\t<\/label>\n\t\t\t\t\t\t\t\t\t\t\t\t\t\t<input size=\"1\" type=\"text\" name=\"form_fields[email]\" id=\"form-field-email\" class=\"elementor-field elementor-size-sm  elementor-field-textual\">\n\t\t\t\t\t\t\t\t\t\t\t<\/div>\n\t\t\t\t\t\t\t\t<div class=\"elementor-field-type-tel elementor-field-group elementor-column elementor-field-group-field_321f1d5 elementor-col-100\">\n\t\t\t\t\t\t\t\t\t\t\t\t<label for=\"form-field-field_321f1d5\" class=\"elementor-field-label\">\n\t\t\t\t\t\t\t\t\u041a\u043e\u043d\u0442\u0430\u043a\u0442\u043d\u044b\u0439 \u043d\u043e\u043c\u0435\u0440\t\t\t\t\t\t\t<\/label>\n\t\t\t\t\t\t\t\t<input size=\"1\" type=\"tel\" name=\"form_fields[field_321f1d5]\" id=\"form-field-field_321f1d5\" class=\"elementor-field elementor-size-sm  elementor-field-textual\" pattern=\"[0-9()#&amp;+*-=.]+\" title=\"Only numbers and phone characters (#, -, *, etc) are accepted.\">\n\n\t\t\t\t\t\t<\/div>\n\t\t\t\t\t\t\t\t<div class=\"elementor-field-type-email elementor-field-group elementor-column elementor-field-group-field_afa1372 elementor-col-100\">\n\t\t\t\t\t\t\t\t\t\t\t\t<label for=\"form-field-field_afa1372\" class=\"elementor-field-label\">\n\t\t\t\t\t\t\t\t\u0410\u0434\u0440\u0435\u0441 \u044d\u043b\u0435\u043a\u0442\u0440\u043e\u043d\u043d\u043e\u0439 \u043f\u043e\u0447\u0442\u044b\t\t\t\t\t\t\t<\/label>\n\t\t\t\t\t\t\t\t\t\t\t\t\t\t<input size=\"1\" type=\"email\" name=\"form_fields[field_afa1372]\" id=\"form-field-field_afa1372\" class=\"elementor-field elementor-size-sm  elementor-field-textual\">\n\t\t\t\t\t\t\t\t\t\t\t<\/div>\n\t\t\t\t\t\t\t\t<div class=\"elementor-field-type-select elementor-field-group elementor-column elementor-field-group-message elementor-col-100\">\n\t\t\t\t\t\t\t\t\t\t\t\t<label for=\"form-field-message\" class=\"elementor-field-label\">\n\t\t\t\t\t\t\t\t\u0412\u044b\u0431\u0435\u0440\u0438\u0442\u0435 \u0443\u0441\u043b\u0443\u0433\u0443\t\t\t\t\t\t\t<\/label>\n\t\t\t\t\t\t\t\t<div class=\"elementor-field elementor-select-wrapper remove-before\">\n\t\t\t<div class=\"select-caret-down-wrapper\">\n\t\t\t\t<i aria-hidden=\"true\" class=\"eicon-caret-down\"><\/i>\t\t\t<\/div>\n\t\t\t<select name=\"form_fields[message]\" id=\"form-field-message\" class=\"elementor-field-textual elementor-size-sm\">\n\t\t\t\t\t\t\t\t\t<option value=\"Siz\u0259 uy\u011fun se\u00e7imi edin\">\u0421\u0434\u0435\u043b\u0430\u0439\u0442\u0435 \u0432\u044b\u0431\u043e\u0440, \u043a\u043e\u0442\u043e\u0440\u044b\u0439 \u0432\u0430\u043c \u043f\u043e\u0434\u0445\u043e\u0434\u0438\u0442<\/option>\n\t\t\t\t\t\t\t\t\t<option value=\"M\u0259hsul idxal etm\u0259k ist\u0259yir\u0259m\">\u042f \u0445\u043e\u0447\u0443 \u0438\u043c\u043f\u043e\u0440\u0442\u0438\u0440\u043e\u0432\u0430\u0442\u044c \u043f\u0440\u043e\u0434\u0443\u043a\u0442\u044b<\/option>\n\t\t\t\t\t\t\t\t\t<option value=\"M\u0259hsul ixrac etm\u0259k ist\u0259yir\u0259m\">\u042f \u0445\u043e\u0447\u0443 \u044d\u043a\u0441\u043f\u043e\u0440\u0442\u0438\u0440\u043e\u0432\u0430\u0442\u044c \u043f\u0440\u043e\u0434\u0443\u043a\u0446\u0438\u044e<\/option>\n\t\t\t\t\t\t\t<\/select>\n\t\t<\/div>\n\t\t\t\t\t\t<\/div>\n\t\t\t\t\t\t\t\t<div class=\"elementor-field-type-step elementor-field-group elementor-column elementor-field-group-field_a24f961 elementor-col-100\">\n\t\t\t\t\t\t\t<div class=\"e-field-step elementor-hidden\" data-label=\"M\u0259hsul\" data-previousbutton=\"\" data-nextbutton=\"\" data-iconurl=\"\" data-iconlibrary=\"fas fa-star\" data-icon=\"\" ><\/div>\n\n\t\t\t\t\t\t<\/div>\n\t\t\t\t\t\t\t\t<div class=\"elementor-field-type-text elementor-field-group elementor-column elementor-field-group-field_4604864 elementor-col-100\">\n\t\t\t\t\t\t\t\t\t\t\t\t<label for=\"form-field-field_4604864\" class=\"elementor-field-label\">\n\t\t\t\t\t\t\t\t\u041d\u0430\u0437\u0432\u0430\u043d\u0438\u0435 \u043f\u0440\u043e\u0434\u0443\u043a\u0442\u0430\t\t\t\t\t\t\t<\/label>\n\t\t\t\t\t\t\t\t\t\t\t\t\t\t<input size=\"1\" type=\"text\" name=\"form_fields[field_4604864]\" id=\"form-field-field_4604864\" class=\"elementor-field elementor-size-sm  elementor-field-textual\">\n\t\t\t\t\t\t\t\t\t\t\t<\/div>\n\t\t\t\t\t\t\t\t<div class=\"elementor-field-type-text elementor-field-group elementor-column elementor-field-group-field_4367ca5 elementor-col-100\">\n\t\t\t\t\t\t\t\t\t\t\t\t<label for=\"form-field-field_4367ca5\" class=\"elementor-field-label\">\n\t\t\t\t\t\t\t\t\u041a\u043e\u043b\u0438\u0447\u0435\u0441\u0442\u0432\u043e \u0437\u0430\u043a\u0430\u0437\u0430\t\t\t\t\t\t\t<\/label>\n\t\t\t\t\t\t\t\t\t\t\t\t\t\t<input size=\"1\" type=\"text\" name=\"form_fields[field_4367ca5]\" id=\"form-field-field_4367ca5\" class=\"elementor-field elementor-size-sm  elementor-field-textual\">\n\t\t\t\t\t\t\t\t\t\t\t<\/div>\n\t\t\t\t\t\t\t\t<div class=\"elementor-field-type-select elementor-field-group elementor-column elementor-field-group-field_67554d7 elementor-col-100\">\n\t\t\t\t\t\t\t\t\t\t\t\t<label for=\"form-field-field_67554d7\" class=\"elementor-field-label\">\n\t\t\t\t\t\t\t\t\u041d\u0443\u0436\u0435\u043d \u043e\u0431\u0440\u0430\u0437\u0435\u0446?\t\t\t\t\t\t\t<\/label>\n\t\t\t\t\t\t\t\t<div class=\"elementor-field elementor-select-wrapper remove-before\">\n\t\t\t<div class=\"select-caret-down-wrapper\">\n\t\t\t\t<i aria-hidden=\"true\" class=\"eicon-caret-down\"><\/i>\t\t\t<\/div>\n\t\t\t<select name=\"form_fields[field_67554d7]\" id=\"form-field-field_67554d7\" class=\"elementor-field-textual elementor-size-sm\">\n\t\t\t\t\t\t\t\t\t<option value=\"Cavab\u0131 se\u00e7in\">\u0412\u044b\u0431\u0435\u0440\u0438\u0442\u0435 \u043e\u0442\u0432\u0435\u0442<\/option>\n\t\t\t\t\t\t\t\t\t<option value=\"B\u0259li\">\u0414\u0430<\/option>\n\t\t\t\t\t\t\t\t\t<option value=\"Xeyr\">\u041d\u0435\u0442<\/option>\n\t\t\t\t\t\t\t<\/select>\n\t\t<\/div>\n\t\t\t\t\t\t<\/div>\n\t\t\t\t\t\t\t\t<div class=\"elementor-field-type-upload elementor-field-group elementor-column elementor-field-group-field_be88d1a elementor-col-100\">\n\t\t\t\t\t\t\t\t\t\t\t\t<label for=\"form-field-field_be88d1a\" class=\"elementor-field-label\">\n\t\t\t\t\t\t\t\t\u0424\u043e\u0442\u043e\u0433\u0440\u0430\u0444\u0438\u0438 \u0438\u043b\u0438 \u0434\u043e\u043a\u0443\u043c\u0435\u043d\u0442\u044b, \u0441\u0432\u044f\u0437\u0430\u043d\u043d\u044b\u0435 \u0441 \u043f\u0440\u043e\u0434\u0443\u043a\u0442\u043e\u043c\t\t\t\t\t\t\t<\/label>\n\t\t\t\t\t\t\t\t<input type=\"file\" name=\"form_fields[field_be88d1a][]\" id=\"form-field-field_be88d1a\" class=\"elementor-field elementor-size-sm  elementor-upload-field\" multiple=\"multiple\" data-maxsize=\"10\" data-maxsize-message=\"This file exceeds the maximum allowed size.\">\n\n\t\t\t\t\t\t<\/div>\n\t\t\t\t\t\t\t\t<div class=\"elementor-field-type-textarea elementor-field-group elementor-column elementor-field-group-field_81b69af elementor-col-100\">\n\t\t\t\t\t\t\t\t\t\t\t\t<label for=\"form-field-field_81b69af\" class=\"elementor-field-label\">\n\t\t\t\t\t\t\t\t\u041f\u043e\u0434\u0440\u043e\u0431\u043d\u0430\u044f \u0438\u043d\u0444\u043e\u0440\u043c\u0430\u0446\u0438\u044f \u043e \u043f\u0440\u043e\u0434\u0443\u043a\u0442\u0435\t\t\t\t\t\t\t<\/label>\n\t\t\t\t\t\t<textarea class=\"elementor-field-textual elementor-field  elementor-size-sm\" name=\"form_fields[field_81b69af]\" id=\"form-field-field_81b69af\" rows=\"4\"><\/textarea>\t\t\t\t<\/div>\n\t\t\t\t\t\t\t\t<div class=\"elementor-field-type-step elementor-field-group elementor-column elementor-field-group-field_8703158 elementor-col-100\">\n\t\t\t\t\t\t\t<div class=\"e-field-step elementor-hidden\" data-label=\"\u00c7atd\u0131r\u0131lma\" data-previousbutton=\"\" data-nextbutton=\"\" data-iconurl=\"\" data-iconlibrary=\"fas fa-star\" data-icon=\"\" ><\/div>\n\n\t\t\t\t\t\t<\/div>\n\t\t\t\t\t\t\t\t<div class=\"elementor-field-type-select elementor-field-group elementor-column elementor-field-group-field_d29b1e3 elementor-col-100\">\n\t\t\t\t\t\t\t\t\t\t\t\t<label for=\"form-field-field_d29b1e3\" class=\"elementor-field-label\">\n\t\t\t\t\t\t\t\t\u0412\u044b\u0431\u0435\u0440\u0438\u0442\u0435 \u0442\u0438\u043f \u0434\u043e\u0441\u0442\u0430\u0432\u043a\u0438\t\t\t\t\t\t\t<\/label>\n\t\t\t\t\t\t\t\t<div class=\"elementor-field elementor-select-wrapper remove-before\">\n\t\t\t<div class=\"select-caret-down-wrapper\">\n\t\t\t\t<i aria-hidden=\"true\" class=\"eicon-caret-down\"><\/i>\t\t\t<\/div>\n\t\t\t<select name=\"form_fields[field_d29b1e3]\" id=\"form-field-field_d29b1e3\" class=\"elementor-field-textual elementor-size-sm\">\n\t\t\t\t\t\t\t\t\t<option value=\"Hava yolu il\u0259 \u00e7atd\u0131r\u0131lma\">\u0414\u043e\u0441\u0442\u0430\u0432\u043a\u0430 \u043f\u043e \u0432\u043e\u0437\u0434\u0443\u0445\u0443<\/option>\n\t\t\t\t\t\t\t\t\t<option value=\"D\u0259niz yolu il\u0259 \u00e7atd\u0131r\u0131lma\">\u041c\u043e\u0440\u0441\u043a\u0438\u0435 \u043f\u0435\u0440\u0435\u0432\u043e\u0437\u043a\u0438<\/option>\n\t\t\t\t\t\t\t\t\t<option value=\"Quru yol il\u0259 \u00e7atd\u0131r\u0131lma\">\u0414\u043e\u0441\u0442\u0430\u0432\u043a\u0430 \u0430\u0432\u0442\u043e\u043c\u043e\u0431\u0438\u043b\u044c\u043d\u044b\u043c \u0442\u0440\u0430\u043d\u0441\u043f\u043e\u0440\u0442\u043e\u043c<\/option>\n\t\t\t\t\t\t\t\t\t<option value=\"D\u0259mir yolu il\u0259 \u00e7atd\u0131r\u0131lma\">\u0414\u043e\u0441\u0442\u0430\u0432\u043a\u0430 \u043f\u043e \u0436\u0435\u043b\u0435\u0437\u043d\u043e\u0439 \u0434\u043e\u0440\u043e\u0433\u0435<\/option>\n\t\t\t\t\t\t\t\t\t<option value=\"\u00c7atd\u0131r\u0131lma xidm\u0259tin\u0259 ehtiyac yoxdur\">\u041d\u0435\u0442 \u043d\u0435\u043e\u0431\u0445\u043e\u0434\u0438\u043c\u043e\u0441\u0442\u0438 \u0432 \u0441\u043b\u0443\u0436\u0431\u0435 \u0434\u043e\u0441\u0442\u0430\u0432\u043a\u0438<\/option>\n\t\t\t\t\t\t\t<\/select>\n\t\t<\/div>\n\t\t\t\t\t\t<\/div>\n\t\t\t\t\t\t\t\t<div class=\"elementor-field-type-text elementor-field-group elementor-column elementor-field-group-field_d8df46d elementor-col-100\">\n\t\t\t\t\t\t\t\t\t\t\t\t<label for=\"form-field-field_d8df46d\" class=\"elementor-field-label\">\n\t\t\t\t\t\t\t\t\u041d\u0430\u0437\u0432\u0430\u043d\u0438\u0435 \u0441\u0442\u0440\u0430\u043d\u044b \u0438 \u0433\u043e\u0440\u043e\u0434\u0430 \u0434\u043b\u044f \u0434\u043e\u0441\u0442\u0430\u0432\u043a\u0438\t\t\t\t\t\t\t<\/label>\n\t\t\t\t\t\t\t\t\t\t\t\t\t\t<input size=\"1\" type=\"text\" name=\"form_fields[field_d8df46d]\" id=\"form-field-field_d8df46d\" class=\"elementor-field elementor-size-sm  elementor-field-textual\">\n\t\t\t\t\t\t\t\t\t\t\t<\/div>\n\t\t\t\t\t\t\t\t<div class=\"elementor-field-type-select elementor-field-group elementor-column elementor-field-group-field_685b2cc elementor-col-100\">\n\t\t\t\t\t\t\t\t\t\t\t\t<label for=\"form-field-field_685b2cc\" class=\"elementor-field-label\">\n\t\t\t\t\t\t\t\t\u0422\u0440\u0435\u0431\u0443\u0435\u043c\u043e\u0435 \u0446\u0435\u043d\u043e\u0432\u043e\u0435 \u0443\u0441\u043b\u043e\u0432\u0438\u0435\t\t\t\t\t\t\t<\/label>\n\t\t\t\t\t\t\t\t<div class=\"elementor-field elementor-select-wrapper remove-before\">\n\t\t\t<div class=\"select-caret-down-wrapper\">\n\t\t\t\t<i aria-hidden=\"true\" class=\"eicon-caret-down\"><\/i>\t\t\t<\/div>\n\t\t\t<select name=\"form_fields[field_685b2cc]\" id=\"form-field-field_685b2cc\" class=\"elementor-field-textual elementor-size-sm\">\n\t\t\t\t\t\t\t\t\t<option value=\"EXW (Zavod t\u0259hvili)\">EXW (\u0441 \u0437\u0430\u0432\u043e\u0434\u0430)<\/option>\n\t\t\t\t\t\t\t\t\t<option value=\"FOB (Limanda t\u0259hvil)\">FOB (\u0434\u043e\u0441\u0442\u0430\u0432\u043a\u0430 \u0432 \u043f\u043e\u0440\u0442)<\/option>\n\t\t\t\t\t\t\t\t\t<option value=\"CIF (Sifari\u015f\u00e7i \u00f6lk\u0259nin liman\u0131nda t\u0259hvil)\">CIF (\u0414\u043e\u0441\u0442\u0430\u0432\u043a\u0430 \u0432 \u043f\u043e\u0440\u0442\u0443 \u0441\u0442\u0440\u0430\u043d\u044b \u0437\u0430\u043a\u0430\u0437\u0447\u0438\u043a\u0430)<\/option>\n\t\t\t\t\t\t\t\t\t<option value=\"DDP (Sifari\u015f\u00e7inin t\u0259l\u0259b etdiyi \u00fcnvanda t\u0259hvil)\">DDP (\u0414\u043e\u0441\u0442\u0430\u0432\u043a\u0430 \u043f\u043e \u0443\u043a\u0430\u0437\u0430\u043d\u043d\u043e\u043c\u0443 \u0417\u0430\u043a\u0430\u0437\u0447\u0438\u043a\u043e\u043c \u0430\u0434\u0440\u0435\u0441\u0443)<\/option>\n\t\t\t\t\t\t\t<\/select>\n\t\t<\/div>\n\t\t\t\t\t\t<\/div>\n\t\t\t\t\t\t\t\t<div class=\"elementor-field-group elementor-column elementor-field-type-submit elementor-col-100 e-form__buttons\">\n\t\t\t\t\t<button type=\"submit\" class=\"elementor-button elementor-size-sm\">\n\t\t\t\t\t\t<span >\n\t\t\t\t\t\t\t\t\t\t\t\t\t\t\t<span class=\"elementor-button-icon\">\n\t\t\t\t\t\t\t\t\t\t\t\t\t\t\t\t\t\t\t\t\t\t\t\t\t\t<\/span>\n\t\t\t\t\t\t\t\t\t\t\t\t\t\t\t\t\t\t\t\t\t\t<span class=\"elementor-button-text\">\u041e\u0442\u043f\u0440\u0430\u0432\u043b\u044f\u0442\u044c<\/span>\n\t\t\t\t\t\t\t\t\t\t\t\t\t<\/span>\n\t\t\t\t\t<\/button>\n\t\t\t\t<\/div>\n\t\t\t<\/div>\n\t\t<input type=\"hidden\" name=\"trp-form-language\" value=\"ru\"\/><\/form>\n\t\t\t\t<\/div>\n\t\t\t\t<\/div>\n\t\t\t\t\t<\/div>\n\t\t<\/div>\n\t\t\t\t<div class=\"elementor-column elementor-col-50 elementor-top-column elementor-element elementor-element-1e76462\" data-id=\"1e76462\" data-element_type=\"column\">\n\t\t\t<div class=\"elementor-widget-wrap elementor-element-populated\">\n\t\t\t\t\t\t<div class=\"elementor-element elementor-element-c240d24 elementor-widget elementor-widget-heading\" data-id=\"c240d24\" data-element_type=\"widget\" data-widget_type=\"heading.default\">\n\t\t\t\t<div class=\"elementor-widget-container\">\n\t\t\t<h2 class=\"elementor-heading-title elementor-size-default\">M\u0259lumatlar\u0131 daxil ed\u0259rk\u0259n bunlar\u0131 n\u0259z\u0259r\u0259 alman\u0131z\u0131 xahi\u015f edirik.<\/h2>\t\t<\/div>\n\t\t\t\t<\/div>\n\t\t\t\t<div class=\"elementor-element elementor-element-58a9cef elementor-widget elementor-widget-text-editor\" data-id=\"58a9cef\" data-element_type=\"widget\" data-widget_type=\"text-editor.default\">\n\t\t\t\t<div class=\"elementor-widget-container\">\n\t\t\t\t\t\t\t<ol><li>Xanalar\u0131 doldurark\u0259n b\u00fct\u00fcn m\u0259lumatlar\u0131 do\u011fru daxil edin.\u00a0<\/li><li>\u0130dxal v\u0259 ixrac olunan m\u0259hsullar g\u00f6mr\u00fck qanunvericiliyin\u0259 g\u00f6r\u0259 cavabland\u0131r\u0131l\u0131r.<\/li><li>M\u00fcmk\u00fcn q\u0259d\u0259r m\u0259hsul haqq\u0131nda \u0259trafl\u0131 m\u0259lumat qeyd edin.<\/li><li>Biz ucuz deyil, \u0259n s\u0259rf\u0259li v\u0259 keyfiyy\u0259tli m\u0259hsullar\u0131 t\u0259klif etm\u0259k prinsipi il\u0259 \u00e7al\u0131\u015f\u0131r\u0131q.<\/li><\/ol>\t\t\t\t\t\t<\/div>\n\t\t\t\t<\/div>\n\t\t\t\t\t<\/div>\n\t\t<\/div>\n\t\t\t\t\t<\/div>\n\t\t<\/section>\n\t\t\t\t<\/div>","protected":false},"excerpt":{"rendered":"<p>Geri qay\u0131t M\u0259lumatlar\u0131 daxil ed\u0259rk\u0259n bunlar\u0131 n\u0259z\u0259r\u0259 alman\u0131z\u0131 xahi\u015f edirik. Xanalar\u0131 doldurark\u0259n b\u00fct\u00fcn m\u0259lumatlar\u0131 do\u011fru daxil edin.\u00a0 \u0130dxal v\u0259 ixrac olunan m\u0259hsullar g\u00f6mr\u00fck qanunvericiliyin\u0259 g\u00f6r\u0259&hellip;<\/p>","protected":false},"author":1,"featured_media":0,"parent":0,"menu_order":0,"comment_status":"closed","ping_status":"closed","template":"elementor_canvas","meta":{"footnotes":""},"class_list":["post-1651","page","type-page","status-publish","hentry"],"_links":{"self":[{"href":"https:\/\/exim.az\/ru\/wp-json\/wp\/v2\/pages\/1651","targetHints":{"allow":["GET"]}}],"collection":[{"href":"https:\/\/exim.az\/ru\/wp-json\/wp\/v2\/pages"}],"about":[{"href":"https:\/\/exim.az\/ru\/wp-json\/wp\/v2\/types\/page"}],"author":[{"embeddable":true,"href":"https:\/\/exim.az\/ru\/wp-json\/wp\/v2\/users\/1"}],"replies":[{"embeddable":true,"href":"https:\/\/exim.az\/ru\/wp-json\/wp\/v2\/comments?post=1651"}],"version-history":[{"count":17,"href":"https:\/\/exim.az\/ru\/wp-json\/wp\/v2\/pages\/1651\/revisions"}],"predecessor-version":[{"id":1801,"href":"https:\/\/exim.az\/ru\/wp-json\/wp\/v2\/pages\/1651\/revisions\/1801"}],"wp:attachment":[{"href":"https:\/\/exim.az\/ru\/wp-json\/wp\/v2\/media?parent=1651"}],"curies":[{"name":"wp","href":"https:\/\/api.w.org\/{rel}","templated":true}]}}